{"id":7786,"date":"2024-08-06T09:12:39","date_gmt":"2024-08-06T02:12:39","guid":{"rendered":"https:\/\/www.themercuryville.com\/?page_id=7786"},"modified":"2025-01-10T15:41:35","modified_gmt":"2025-01-10T08:41:35","slug":"by-floor","status":"publish","type":"page","link":"https:\/\/www.themercuryville.com\/en\/by-floor\/","title":{"rendered":"By Floor"},"content":{"rendered":"\r\n<h1 id=\"\u0e21\u0e2d\u0e07\u0e2b\u0e32\u0e23-\u0e32\u0e19\u0e2d\u0e32\u0e2b\u0e32\u0e23\u0e2b\u0e23-\u0e2d\u0e23-\u0e32\u0e19\u0e17\u0e33\u0e1c\u0e21\u0e15-\u0e14-bts-\u0e0a-\u0e14\u0e25\u0e21-\u0e17-\u0e19-\u0e01-\u0e21-\u0e04\u0e23\u0e1a\" class=\"wp-block-heading has-large-font-size\">Shops, Caf\u00e9s, and Amenities at The Mercury Ville @ Chidlom<\/h1>\r\n\r\n\r\n\r\n<h2 class=\"wp-block-heading\"><b>Restaurants, <\/b><b>Premium Caf\u00e9s<\/b><b>, or<\/b><b> Hair Salons<\/b><b> Near BTS <\/b><b>Chidlom<\/b><\/h2>\r\n\r\n\r\n\r\n<div>\r\n<p>The Mercury Ville @ Chidlom is your one-stop destination for premium caf\u00e9s, international dining, and essential urban amenities. Our shopping mall near Chidlom Station offers everything you need in one stylish, modern space.<\/p>\r\n<p>Whether you\u2019re here for a relaxing hangout, a family meal, or quick errands, we cater to every lifestyle. Enjoy our iconic red, loft-style design while exploring top-tier restaurants, hair salons, nail spas, clinics, and more.<\/p>\r\n<\/div>\r\n\r\n\r\n\r\n<p>&nbsp;<\/p>\r\n","protected":false},"excerpt":{"rendered":"<p>Shops, Caf\u00e9s, and Amenities at The Mercury Ville @ Chidlom Restaurants, Premium Caf\u00e9s, or Hair Salons Near BTS Chidlom The Mercury Ville @ Chidlom is your one-stop destination for premium caf\u00e9s, international dining, and essential urban amenities. Our shopping mall near Chidlom Station offers everything you need in one stylish, modern space. Whether you\u2019re here [&hellip;]<\/p>\n","protected":false},"author":2,"featured_media":0,"parent":0,"menu_order":16,"comment_status":"closed","ping_status":"closed","template":"","meta":{"footnotes":""},"yoast_head":"<!-- This site is optimized with the Yoast SEO plugin v21.8.1 - https:\/\/yoast.com\/wordpress\/plugins\/seo\/ -->\n<title>Shopping and Premium Caf\u00e9s | The Mercury Ville @ Chidlom<\/title>\n<meta name=\"description\" content=\"Explore dining, shopping, and premium caf\u00e9s at The Mercury Ville @ Chidlom. From salons and nail spas to clinics and restaurants near BTS Chidlom, it has it all!\" \/>\n<meta name=\"robots\" content=\"index, follow, max-snippet:-1, max-image-preview:large, max-video-preview:-1\" \/>\n<link rel=\"canonical\" href=\"https:\/\/www.themercuryville.com\/en\/by-floor\/\" \/>\n<meta property=\"og:locale\" content=\"en_US\" \/>\n<meta property=\"og:type\" content=\"article\" \/>\n<meta property=\"og:title\" content=\"Shopping and Premium Caf\u00e9s | The Mercury Ville @ Chidlom\" \/>\n<meta property=\"og:description\" content=\"Explore dining, shopping, and premium caf\u00e9s at The Mercury Ville @ Chidlom. From salons and nail spas to clinics and restaurants near BTS Chidlom, it has it all!\" \/>\n<meta property=\"og:url\" content=\"https:\/\/www.themercuryville.com\/en\/by-floor\/\" \/>\n<meta property=\"og:site_name\" content=\"The Mercury Ville @Chidlom\" \/>\n<meta property=\"article:modified_time\" content=\"2025-01-10T08:41:35+00:00\" \/>\n<meta name=\"twitter:card\" content=\"summary_large_image\" \/>\n<meta name=\"twitter:label1\" content=\"Est. reading time\" \/>\n\t<meta name=\"twitter:data1\" content=\"1 minute\" \/>\n<script type=\"application\/ld+json\" class=\"yoast-schema-graph\">{\"@context\":\"https:\/\/schema.org\",\"@graph\":[{\"@type\":\"WebPage\",\"@id\":\"https:\/\/www.themercuryville.com\/en\/by-floor\/\",\"url\":\"https:\/\/www.themercuryville.com\/en\/by-floor\/\",\"name\":\"Shopping and Premium Caf\u00e9s | The Mercury Ville @ Chidlom\",\"isPartOf\":{\"@id\":\"https:\/\/www.themercuryville.com\/#website\"},\"datePublished\":\"2024-08-06T02:12:39+00:00\",\"dateModified\":\"2025-01-10T08:41:35+00:00\",\"description\":\"Explore dining, shopping, and premium caf\u00e9s at The Mercury Ville @ Chidlom. From salons and nail spas to clinics and restaurants near BTS Chidlom, it has it all!\",\"breadcrumb\":{\"@id\":\"https:\/\/www.themercuryville.com\/en\/by-floor\/#breadcrumb\"},\"inLanguage\":\"en-US\",\"potentialAction\":[{\"@type\":\"ReadAction\",\"target\":[\"https:\/\/www.themercuryville.com\/en\/by-floor\/\"]}]},{\"@type\":\"BreadcrumbList\",\"@id\":\"https:\/\/www.themercuryville.com\/en\/by-floor\/#breadcrumb\",\"itemListElement\":[{\"@type\":\"ListItem\",\"position\":1,\"name\":\"Home\",\"item\":\"https:\/\/www.themercuryville.com\/\"},{\"@type\":\"ListItem\",\"position\":2,\"name\":\"By Floor\"}]},{\"@type\":\"WebSite\",\"@id\":\"https:\/\/www.themercuryville.com\/#website\",\"url\":\"https:\/\/www.themercuryville.com\/\",\"name\":\"The Mercury Ville @Chidlom\",\"description\":\"The Mercury Ville @Chidlom\",\"potentialAction\":[{\"@type\":\"SearchAction\",\"target\":{\"@type\":\"EntryPoint\",\"urlTemplate\":\"https:\/\/www.themercuryville.com\/?s={search_term_string}\"},\"query-input\":\"required name=search_term_string\"}],\"inLanguage\":\"en-US\"}]}<\/script>\n<!-- \/ Yoast SEO plugin. -->","yoast_head_json":{"title":"Shopping and Premium Caf\u00e9s | The Mercury Ville @ Chidlom","description":"Explore dining, shopping, and premium caf\u00e9s at The Mercury Ville @ Chidlom. From salons and nail spas to clinics and restaurants near BTS Chidlom, it has it all!","robots":{"index":"index","follow":"follow","max-snippet":"max-snippet:-1","max-image-preview":"max-image-preview:large","max-video-preview":"max-video-preview:-1"},"canonical":"https:\/\/www.themercuryville.com\/en\/by-floor\/","og_locale":"en_US","og_type":"article","og_title":"Shopping and Premium Caf\u00e9s | The Mercury Ville @ Chidlom","og_description":"Explore dining, shopping, and premium caf\u00e9s at The Mercury Ville @ Chidlom. From salons and nail spas to clinics and restaurants near BTS Chidlom, it has it all!","og_url":"https:\/\/www.themercuryville.com\/en\/by-floor\/","og_site_name":"The Mercury Ville @Chidlom","article_modified_time":"2025-01-10T08:41:35+00:00","twitter_card":"summary_large_image","twitter_misc":{"Est. reading time":"1 minute"},"schema":{"@context":"https:\/\/schema.org","@graph":[{"@type":"WebPage","@id":"https:\/\/www.themercuryville.com\/en\/by-floor\/","url":"https:\/\/www.themercuryville.com\/en\/by-floor\/","name":"Shopping and Premium Caf\u00e9s | The Mercury Ville @ Chidlom","isPartOf":{"@id":"https:\/\/www.themercuryville.com\/#website"},"datePublished":"2024-08-06T02:12:39+00:00","dateModified":"2025-01-10T08:41:35+00:00","description":"Explore dining, shopping, and premium caf\u00e9s at The Mercury Ville @ Chidlom. From salons and nail spas to clinics and restaurants near BTS Chidlom, it has it all!","breadcrumb":{"@id":"https:\/\/www.themercuryville.com\/en\/by-floor\/#breadcrumb"},"inLanguage":"en-US","potentialAction":[{"@type":"ReadAction","target":["https:\/\/www.themercuryville.com\/en\/by-floor\/"]}]},{"@type":"BreadcrumbList","@id":"https:\/\/www.themercuryville.com\/en\/by-floor\/#breadcrumb","itemListElement":[{"@type":"ListItem","position":1,"name":"Home","item":"https:\/\/www.themercuryville.com\/"},{"@type":"ListItem","position":2,"name":"By Floor"}]},{"@type":"WebSite","@id":"https:\/\/www.themercuryville.com\/#website","url":"https:\/\/www.themercuryville.com\/","name":"The Mercury Ville @Chidlom","description":"The Mercury Ville @Chidlom","potentialAction":[{"@type":"SearchAction","target":{"@type":"EntryPoint","urlTemplate":"https:\/\/www.themercuryville.com\/?s={search_term_string}"},"query-input":"required name=search_term_string"}],"inLanguage":"en-US"}]}},"_links":{"self":[{"href":"https:\/\/www.themercuryville.com\/en\/wp-json\/wp\/v2\/pages\/7786"}],"collection":[{"href":"https:\/\/www.themercuryville.com\/en\/wp-json\/wp\/v2\/pages"}],"about":[{"href":"https:\/\/www.themercuryville.com\/en\/wp-json\/wp\/v2\/types\/page"}],"author":[{"embeddable":true,"href":"https:\/\/www.themercuryville.com\/en\/wp-json\/wp\/v2\/users\/2"}],"replies":[{"embeddable":true,"href":"https:\/\/www.themercuryville.com\/en\/wp-json\/wp\/v2\/comments?post=7786"}],"version-history":[{"count":12,"href":"https:\/\/www.themercuryville.com\/en\/wp-json\/wp\/v2\/pages\/7786\/revisions"}],"predecessor-version":[{"id":7922,"href":"https:\/\/www.themercuryville.com\/en\/wp-json\/wp\/v2\/pages\/7786\/revisions\/7922"}],"wp:attachment":[{"href":"https:\/\/www.themercuryville.com\/en\/wp-json\/wp\/v2\/media?parent=7786"}],"curies":[{"name":"wp","href":"https:\/\/api.w.org\/{rel}","templated":true}]}}